{"id":987497005,"date":"2026-02-17T17:56:50","date_gmt":"2026-02-17T17:56:50","guid":{"rendered":"https:\/\/expoplasticos.mx\/2026\/?page_id=987497005"},"modified":"2026-02-17T17:59:04","modified_gmt":"2026-02-17T17:59:04","slug":"inscripcion-torneo-de-golf","status":"publish","type":"page","link":"https:\/\/expoplasticos.mx\/2026\/inscripcion-torneo-de-golf\/","title":{"rendered":"INSCRIPCI\u00d3N TORNEO DE GOLF"},"content":{"rendered":"<p>[et_pb_section fb_built=\u00bb1&#8243; admin_label=\u00bbSection\u00bb module_id=\u00bb_Newsletter\u00bb _builder_version=\u00bb4.27.4&#8243; _module_preset=\u00bbdefault\u00bb max_width=\u00bb66%\u00bb max_width_tablet=\u00bb100%\u00bb max_width_phone=\u00bb100%\u00bb max_width_last_edited=\u00bbon|phone\u00bb module_alignment=\u00bbcenter\u00bb custom_margin=\u00bb30px||||false|false\u00bb custom_padding=\u00bb55px|||||\u00bb animation_style=\u00bbfade\u00bb da_popup_slug=\u00bb_Newsletter\u00bb da_disable_devices=\u00bboff|off|off\u00bb border_radii=\u00bbon|23px|23px|23px|23px\u00bb border_width_all=\u00bb1px\u00bb border_color_all=\u00bb#d1d1d1&#8243; box_shadow_style=\u00bbpreset1&#8243; locked=\u00bboff\u00bb global_colors_info=\u00bb{}\u00bb da_is_popup=\u00bboff\u00bb da_exit_intent=\u00bboff\u00bb da_has_close=\u00bbon\u00bb da_alt_close=\u00bboff\u00bb da_dark_close=\u00bboff\u00bb da_not_modal=\u00bbon\u00bb da_is_singular=\u00bboff\u00bb da_with_loader=\u00bboff\u00bb da_has_shadow=\u00bbon\u00bb][et_pb_row _builder_version=\u00bb4.27.4&#8243; _module_preset=\u00bbdefault\u00bb custom_padding=\u00bb0px|||||\u00bb global_colors_info=\u00bb{}\u00bb][et_pb_column type=\u00bb4_4&#8243; _builder_version=\u00bb4.27.4&#8243; _module_preset=\u00bbdefault\u00bb global_colors_info=\u00bb{}\u00bb][et_pb_image src=\u00bbhttps:\/\/expoplasticos.mx\/2026\/wp-content\/uploads\/2025\/08\/EP-ICO-320.png\u00bb title_text=\u00bbEP-ICO-320&#8243; _builder_version=\u00bb4.27.4&#8243; _module_preset=\u00bbdefault\u00bb custom_margin=\u00bb||41px|||\u00bb global_colors_info=\u00bb{}\u00bb][\/et_pb_image][et_pb_text _builder_version=\u00bb4.27.4&#8243; _module_preset=\u00bbdefault\u00bb text_text_color=\u00bb#666666&#8243; header_2_font_size=\u00bb24px\u00bb header_2_line_height=\u00bb1.2em\u00bb header_3_line_height=\u00bb1.2em\u00bb hover_enabled=\u00bb0&#8243; header_2_font_size_tablet=\u00bb24px\u00bb header_2_font_size_phone=\u00bb21px\u00bb header_2_font_size_last_edited=\u00bbon|phone\u00bb header_3_font_size_tablet=\u00bb\u00bb header_3_font_size_phone=\u00bb20px\u00bb header_3_font_size_last_edited=\u00bbon|phone\u00bb global_colors_info=\u00bb{}\u00bb sticky_enabled=\u00bb0&#8243;]<\/p>\n<div class=\"porto-u-heading mb-3  wpb_custom_b5b0b73a6ad492a115fba7218d522059 porto-u-2124\" style=\"text-align: center;\">\n<div class=\"porto-u-heading mb-3  wpb_custom_b5b0b73a6ad492a115fba7218d522059 porto-u-2124\">\n<h2 class=\"porto-u-sub-heading\"><strong>Llena el formulario y participa en el torneo<\/strong><\/h2>\n<\/div>\n<\/div>\n<p>[\/et_pb_text][dsm_contact_form_7 cf7_library=\u00bb987497003&#8243; show_validation=\u00bbon\u00bb input_background_color=\u00bb#FFFFFF\u00bb _builder_version=\u00bb4.27.4&#8243; _module_preset=\u00bbdefault\u00bb labels_text_color=\u00bb#848484&#8243; input_textarea_select_text_color=\u00bb#666666&#8243; input_textarea_select_font_size=\u00bb18px\u00bb placeholder_font_size=\u00bb16px\u00bb radio_checkbox_font=\u00bb|&#8211;et_global_body_font_weight|||||||\u00bb radio_checkbox_text_align=\u00bbleft\u00bb custom_button_one=\u00bbon\u00bb button_one_text_color=\u00bb#FFFFFF\u00bb button_one_bg_color=\u00bb#0C71C3&#8243; button_one_border_width=\u00bb0px\u00bb button_one_icon=\u00bb&#xe092;||divi||400&#8243; link_option_url_new_window=\u00bbon\u00bb hover_enabled=\u00bb0&#8243; border_radii_image=\u00bbon|14px|14px|14px|14px\u00bb border_width_all_image=\u00bb1px\u00bb global_colors_info=\u00bb{}\u00bb sticky_enabled=\u00bb0&#8243;][\/dsm_contact_form_7][\/et_pb_column][\/et_pb_row][\/et_pb_section][et_pb_section fb_built=\u00bb1&#8243; _builder_version=\u00bb4.27.4&#8243; _module_preset=\u00bbdefault\u00bb custom_padding=\u00bb||3px|||\u00bb da_disable_devices=\u00bboff|off|off\u00bb global_colors_info=\u00bb{}\u00bb da_is_popup=\u00bboff\u00bb da_exit_intent=\u00bboff\u00bb da_has_close=\u00bbon\u00bb da_alt_close=\u00bboff\u00bb da_dark_close=\u00bboff\u00bb da_not_modal=\u00bbon\u00bb da_is_singular=\u00bboff\u00bb da_with_loader=\u00bboff\u00bb da_has_shadow=\u00bbon\u00bb][\/et_pb_section]<\/p>\n","protected":false},"excerpt":{"rendered":"<p>Llena el formulario y participa en el torneo <div class=\"et_pb_with_border et_pb_module dsm_contact_form_7 dsm_contact_form_7_0\">\n\t\t\t\t\n\t\t\t\t\n\t\t\t\t\n\t\t\t\t\n\t\t\t\t\n\t\t\t\t\n\t\t\t\t<div class=\"et_pb_module_inner\">\n\t\t\t\t\t<div class=\"dsm_contact_form_7_btn_icon\" data-dsm-btn-icon=\"&#xe092;\">\n\t\t\t\t\n<div class=\"wpcf7 no-js\" id=\"wpcf7-f987497003-o1\" lang=\"es-ES\" dir=\"ltr\" data-wpcf7-id=\"987497003\">\n<div class=\"screen-reader-response\"><p role=\"status\" aria-live=\"polite\" aria-atomic=\"true\"><\/p> <ul><\/ul><\/div>\n<form action=\"\/2026\/wp-json\/wp\/v2\/pages\/987497005#wpcf7-f987497003-o1\" method=\"post\" class=\"wpcf7-form init\" aria-label=\"Formulario de contacto\" novalidate=\"novalidate\" data-status=\"init\">\n<fieldset class=\"hidden-fields-container\"><input type=\"hidden\" name=\"_wpcf7\" value=\"987497003\" \/><input type=\"hidden\" name=\"_wpcf7_version\" value=\"6.1.5\" \/><input type=\"hidden\" name=\"_wpcf7_locale\" value=\"es_ES\" \/><input type=\"hidden\" name=\"_wpcf7_unit_tag\" value=\"wpcf7-f987497003-o1\" \/><input type=\"hidden\" name=\"_wpcf7_container_post\" value=\"0\" \/><input type=\"hidden\" name=\"_wpcf7_posted_data_hash\" value=\"\" \/><input type=\"hidden\" name=\"_wpcf7_recaptcha_response\" value=\"\" \/>\n<\/fieldset>\n<h3>Datos de contacto principal\n<\/h3>\n<div class=\"row\">\n\t<div class=\"col-6\">\n\t\t<p><label>Empresa* <span class=\"wpcf7-form-control-wrap\" data-name=\"empresa\"><input size=\"40\" maxlength=\"400\" class=\"wpcf7-form-control wpcf7-text wpcf7-validates-as-required\" aria-required=\"true\" aria-invalid=\"false\" value=\"\" type=\"text\" name=\"empresa\" \/><\/span> <\/label>\n\t\t<\/p>\n\t<\/div>\n\t<div class=\"col-6\">\n\t\t<p><label>Contacto* <span class=\"wpcf7-form-control-wrap\" data-name=\"contacto\"><input size=\"40\" maxlength=\"400\" class=\"wpcf7-form-control wpcf7-text wpcf7-validates-as-required\" aria-required=\"true\" aria-invalid=\"false\" value=\"\" type=\"text\" name=\"contacto\" \/><\/span> <\/label>\n\t\t<\/p>\n\t<\/div>\n<\/div>\n<div class=\"row\">\n\t<div class=\"col-6\">\n\t\t<p><label>Tel\u00e9fono* <span class=\"wpcf7-form-control-wrap\" data-name=\"telefono\"><input size=\"40\" maxlength=\"400\" class=\"wpcf7-form-control wpcf7-tel wpcf7-validates-as-required wpcf7-text wpcf7-validates-as-tel\" aria-required=\"true\" aria-invalid=\"false\" value=\"\" type=\"tel\" name=\"telefono\" \/><\/span> <\/label>\n\t\t<\/p>\n\t<\/div>\n\t<div class=\"col-6\">\n\t\t<p><label>Correo electr\u00f3nico* <span class=\"wpcf7-form-control-wrap\" data-name=\"email-contacto\"><input size=\"40\" maxlength=\"400\" class=\"wpcf7-form-control wpcf7-email wpcf7-validates-as-required wpcf7-text wpcf7-validates-as-email\" aria-required=\"true\" aria-invalid=\"false\" value=\"\" type=\"email\" name=\"email-contacto\" \/><\/span> <\/label>\n\t\t<\/p>\n\t<\/div>\n<\/div>\n<h3>Datos quien realiza el pago\n<\/h3>\n<p>Contacto* <span class=\"wpcf7-form-control-wrap\" data-name=\"contacto-pago\"><input size=\"40\" maxlength=\"400\" class=\"wpcf7-form-control wpcf7-text wpcf7-validates-as-required\" aria-required=\"true\" aria-invalid=\"false\" value=\"\" type=\"text\" name=\"contacto-pago\" \/><\/span>\n<\/p>\n<p>Correo electr\u00f3nico* <span class=\"wpcf7-form-control-wrap\" data-name=\"email-contacto-pago\"><input size=\"40\" maxlength=\"400\" class=\"wpcf7-form-control wpcf7-email wpcf7-validates-as-required wpcf7-text wpcf7-validates-as-email\" aria-required=\"true\" aria-invalid=\"false\" value=\"\" type=\"email\" name=\"email-contacto-pago\" \/><\/span>\n<\/p>\n<div class=\"row\">\n\t<div class=\"col-6\">\n\t\t<p><label>Tel\u00e9fono* <span class=\"wpcf7-form-control-wrap\" data-name=\"telefono-pago\"><input size=\"40\" maxlength=\"400\" class=\"wpcf7-form-control wpcf7-tel wpcf7-validates-as-required wpcf7-text wpcf7-validates-as-tel\" aria-required=\"true\" aria-invalid=\"false\" value=\"\" type=\"tel\" name=\"telefono-pago\" \/><\/span> <\/label>\n\t\t<\/p>\n\t<\/div>\n\t<div class=\"col-6\">\n\t\t<p><label>Extensi\u00f3n <span class=\"wpcf7-form-control-wrap\" data-name=\"tel-extension\"><input size=\"40\" maxlength=\"400\" class=\"wpcf7-form-control wpcf7-text\" aria-invalid=\"false\" value=\"\" type=\"text\" name=\"tel-extension\" \/><\/span> <\/label>\n\t\t<\/p>\n\t<\/div>\n<\/div>\n<h3>Jugadores\n<\/h3>\n<div class=\"row\">\n\t<div class=\"col-6\">\n\t\t<p><label>Nombre 1* <span class=\"wpcf7-form-control-wrap\" data-name=\"nombre-1\"><input size=\"40\" maxlength=\"400\" class=\"wpcf7-form-control wpcf7-text wpcf7-validates-as-required\" aria-required=\"true\" aria-invalid=\"false\" value=\"\" type=\"text\" name=\"nombre-1\" \/><\/span> <\/label>\n\t\t<\/p>\n\t<\/div>\n\t<div class=\"col-6\">\n\t\t<p><label>Handicap 1* <span class=\"wpcf7-form-control-wrap\" data-name=\"handicap-1\"><input size=\"40\" maxlength=\"400\" class=\"wpcf7-form-control wpcf7-text wpcf7-validates-as-required\" aria-required=\"true\" aria-invalid=\"false\" value=\"\" type=\"text\" name=\"handicap-1\" \/><\/span> <\/label>\n\t\t<\/p>\n\t<\/div>\n<\/div>\n<div class=\"row\">\n\t<div class=\"col-6\">\n\t\t<p><label>Nombre 2 <span class=\"wpcf7-form-control-wrap\" data-name=\"nombre-2\"><input size=\"40\" maxlength=\"400\" class=\"wpcf7-form-control wpcf7-text\" aria-invalid=\"false\" value=\"\" type=\"text\" name=\"nombre-2\" \/><\/span> <\/label>\n\t\t<\/p>\n\t<\/div>\n\t<div class=\"col-6\">\n\t\t<p><label>Handicap 2 <span class=\"wpcf7-form-control-wrap\" data-name=\"handicap-2\"><input size=\"40\" maxlength=\"400\" class=\"wpcf7-form-control wpcf7-text\" aria-invalid=\"false\" value=\"\" type=\"text\" name=\"handicap-2\" \/><\/span> <\/label>\n\t\t<\/p>\n\t<\/div>\n<\/div>\n<div class=\"row\">\n\t<div class=\"col-6\">\n\t\t<p><label>Nombre 3 <span class=\"wpcf7-form-control-wrap\" data-name=\"nombre-3\"><input size=\"40\" maxlength=\"400\" class=\"wpcf7-form-control wpcf7-text\" aria-invalid=\"false\" value=\"\" type=\"text\" name=\"nombre-3\" \/><\/span> <\/label>\n\t\t<\/p>\n\t<\/div>\n\t<div class=\"col-6\">\n\t\t<p><label>Handicap 3 <span class=\"wpcf7-form-control-wrap\" data-name=\"handicap-3\"><input size=\"40\" maxlength=\"400\" class=\"wpcf7-form-control wpcf7-text\" aria-invalid=\"false\" value=\"\" type=\"text\" name=\"handicap-3\" \/><\/span> <\/label>\n\t\t<\/p>\n\t<\/div>\n<\/div>\n<div class=\"row\">\n\t<div class=\"col-6\">\n\t\t<p><label>Nombre 4 <span class=\"wpcf7-form-control-wrap\" data-name=\"nombre-4\"><input size=\"40\" maxlength=\"400\" class=\"wpcf7-form-control wpcf7-text\" aria-invalid=\"false\" value=\"\" type=\"text\" name=\"nombre-4\" \/><\/span> <\/label>\n\t\t<\/p>\n\t<\/div>\n\t<div class=\"col-6\">\n\t\t<p><label>Handicap 4 <span class=\"wpcf7-form-control-wrap\" data-name=\"handicap-4\"><input size=\"40\" maxlength=\"400\" class=\"wpcf7-form-control wpcf7-text\" aria-invalid=\"false\" value=\"\" type=\"text\" name=\"handicap-4\" \/><\/span> <\/label>\n\t\t<\/p>\n\t<\/div>\n<\/div>\n<div class=\"row\">\n\t<div class=\"col-6\">\n\t\t<p><label>Nombre 5 <span class=\"wpcf7-form-control-wrap\" data-name=\"nombre-5\"><input size=\"40\" maxlength=\"400\" class=\"wpcf7-form-control wpcf7-text\" aria-invalid=\"false\" value=\"\" type=\"text\" name=\"nombre-5\" \/><\/span> <\/label>\n\t\t<\/p>\n\t<\/div>\n\t<div class=\"col-6\">\n\t\t<p><label>Handicap 5 <span class=\"wpcf7-form-control-wrap\" data-name=\"handicap-5\"><input size=\"40\" maxlength=\"400\" class=\"wpcf7-form-control wpcf7-text\" aria-invalid=\"false\" value=\"\" type=\"text\" name=\"handicap-5\" \/><\/span> <\/label>\n\t\t<\/p>\n\t<\/div>\n<\/div>\n\n<p><button class=\"wpcf7-form-control wpcf7-submit has-spinner et_pb_button et_pb_bg_layout_light\" type=\"submit\" value=\"Enviar registro\">Enviar registro<\/button>\n<\/p><div class=\"wpcf7-response-output\" aria-hidden=\"true\"><\/div>\n<\/form>\n<\/div>\n\n\t\t\t<\/div>\n\t\t\t\t<\/div>\n\t\t\t<\/div><\/p>\n","protected":false},"author":1,"featured_media":0,"parent":0,"menu_order":0,"comment_status":"closed","ping_status":"closed","template":"","meta":{"_et_pb_use_builder":"on","_et_pb_old_content":"","_et_gb_content_width":"","cybocfi_hide_featured_image":"","footnotes":""},"class_list":["post-987497005","page","type-page","status-publish","hentry"],"yoast_head":"<!-- This site is optimized with the Yoast SEO plugin v26.5 - https:\/\/yoast.com\/wordpress\/plugins\/seo\/ -->\n<title>INSCRIPCI\u00d3N TORNEO DE GOLF - Expo Pl\u00e1sticos 2027<\/title>\n<meta name=\"robots\" content=\"index, follow, max-snippet:-1, max-image-preview:large, max-video-preview:-1\" \/>\n<link rel=\"canonical\" href=\"https:\/\/expoplasticos.mx\/2026\/inscripcion-torneo-de-golf\/\" \/>\n<meta property=\"og:locale\" content=\"es_ES\" \/>\n<meta property=\"og:type\" content=\"article\" \/>\n<meta property=\"og:title\" content=\"INSCRIPCI\u00d3N TORNEO DE GOLF - Expo Pl\u00e1sticos 2027\" \/>\n<meta property=\"og:description\" content=\"Llena el formulario y participa en el torneo\" \/>\n<meta property=\"og:url\" content=\"https:\/\/expoplasticos.mx\/2026\/inscripcion-torneo-de-golf\/\" \/>\n<meta property=\"og:site_name\" content=\"Expo Pl\u00e1sticos 2027\" \/>\n<meta property=\"article:publisher\" content=\"http:\/\/www.facebook.com\/ExpoPlasticos\" \/>\n<meta property=\"article:modified_time\" content=\"2026-02-17T17:59:04+00:00\" \/>\n<meta property=\"og:image\" content=\"https:\/\/expoplasticos.mx\/2026\/wp-content\/uploads\/2025\/10\/EP26_Yoast_1200x675px.webp\" \/>\n\t<meta property=\"og:image:width\" content=\"1200\" \/>\n\t<meta property=\"og:image:height\" content=\"675\" \/>\n\t<meta property=\"og:image:type\" content=\"image\/webp\" \/>\n<meta name=\"twitter:card\" content=\"summary_large_image\" \/>\n<meta name=\"twitter:site\" content=\"@expoplasticos\" \/>\n<meta name=\"twitter:label1\" content=\"Tiempo de lectura\" \/>\n\t<meta name=\"twitter:data1\" content=\"1 minuto\" \/>\n<script type=\"application\/ld+json\" class=\"yoast-schema-graph\">{\"@context\":\"https:\/\/schema.org\",\"@graph\":[{\"@type\":\"WebPage\",\"@id\":\"https:\/\/expoplasticos.mx\/2026\/inscripcion-torneo-de-golf\/\",\"url\":\"https:\/\/expoplasticos.mx\/2026\/inscripcion-torneo-de-golf\/\",\"name\":\"INSCRIPCI\u00d3N TORNEO DE GOLF - Expo Pl\u00e1sticos 2027\",\"isPartOf\":{\"@id\":\"https:\/\/expoplasticos.mx\/2026\/#website\"},\"datePublished\":\"2026-02-17T17:56:50+00:00\",\"dateModified\":\"2026-02-17T17:59:04+00:00\",\"breadcrumb\":{\"@id\":\"https:\/\/expoplasticos.mx\/2026\/inscripcion-torneo-de-golf\/#breadcrumb\"},\"inLanguage\":\"es\",\"potentialAction\":[{\"@type\":\"ReadAction\",\"target\":[\"https:\/\/expoplasticos.mx\/2026\/inscripcion-torneo-de-golf\/\"]}]},{\"@type\":\"BreadcrumbList\",\"@id\":\"https:\/\/expoplasticos.mx\/2026\/inscripcion-torneo-de-golf\/#breadcrumb\",\"itemListElement\":[{\"@type\":\"ListItem\",\"position\":1,\"name\":\"Inicio\",\"item\":\"https:\/\/expoplasticos.mx\/2026\/\"},{\"@type\":\"ListItem\",\"position\":2,\"name\":\"INSCRIPCI\u00d3N TORNEO DE GOLF\"}]},{\"@type\":\"WebSite\",\"@id\":\"https:\/\/expoplasticos.mx\/2026\/#website\",\"url\":\"https:\/\/expoplasticos.mx\/2026\/\",\"name\":\"Expo Pl\u00e1sticos 2026\",\"description\":\"El punto de encuentro para la transformaci\u00f3n de la industria del pl\u00e1stico\",\"publisher\":{\"@id\":\"https:\/\/expoplasticos.mx\/2026\/#organization\"},\"potentialAction\":[{\"@type\":\"SearchAction\",\"target\":{\"@type\":\"EntryPoint\",\"urlTemplate\":\"https:\/\/expoplasticos.mx\/2026\/?s={search_term_string}\"},\"query-input\":{\"@type\":\"PropertyValueSpecification\",\"valueRequired\":true,\"valueName\":\"search_term_string\"}}],\"inLanguage\":\"es\"},{\"@type\":\"Organization\",\"@id\":\"https:\/\/expoplasticos.mx\/2026\/#organization\",\"name\":\"Expo Pl\u00e1sticos 2026\",\"url\":\"https:\/\/expoplasticos.mx\/2026\/\",\"logo\":{\"@type\":\"ImageObject\",\"inLanguage\":\"es\",\"@id\":\"https:\/\/expoplasticos.mx\/2026\/#\/schema\/logo\/image\/\",\"url\":\"https:\/\/expoplasticos.mx\/2026\/wp-content\/uploads\/2025\/10\/EP26_LogYoast.webp\",\"contentUrl\":\"https:\/\/expoplasticos.mx\/2026\/wp-content\/uploads\/2025\/10\/EP26_LogYoast.webp\",\"width\":875,\"height\":286,\"caption\":\"Expo Pl\u00e1sticos 2026\"},\"image\":{\"@id\":\"https:\/\/expoplasticos.mx\/2026\/#\/schema\/logo\/image\/\"},\"sameAs\":[\"http:\/\/www.facebook.com\/ExpoPlasticos\",\"https:\/\/x.com\/expoplasticos\",\"http:\/\/www.instagram.com\/ExpoPlasticos\",\"https:\/\/www.linkedin.com\/company\/expoplasticos\/posts\/?feedView=all\",\"https:\/\/www.youtube.com\/@ExpoPlasticos\"]}]}<\/script>\n<!-- \/ Yoast SEO plugin. -->","yoast_head_json":{"title":"INSCRIPCI\u00d3N TORNEO DE GOLF - Expo Pl\u00e1sticos 2027","robots":{"index":"index","follow":"follow","max-snippet":"max-snippet:-1","max-image-preview":"max-image-preview:large","max-video-preview":"max-video-preview:-1"},"canonical":"https:\/\/expoplasticos.mx\/2026\/inscripcion-torneo-de-golf\/","og_locale":"es_ES","og_type":"article","og_title":"INSCRIPCI\u00d3N TORNEO DE GOLF - Expo Pl\u00e1sticos 2027","og_description":"Llena el formulario y participa en el torneo","og_url":"https:\/\/expoplasticos.mx\/2026\/inscripcion-torneo-de-golf\/","og_site_name":"Expo Pl\u00e1sticos 2027","article_publisher":"http:\/\/www.facebook.com\/ExpoPlasticos","article_modified_time":"2026-02-17T17:59:04+00:00","og_image":[{"width":1200,"height":675,"url":"https:\/\/expoplasticos.mx\/2026\/wp-content\/uploads\/2025\/10\/EP26_Yoast_1200x675px.webp","type":"image\/webp"}],"twitter_card":"summary_large_image","twitter_site":"@expoplasticos","twitter_misc":{"Tiempo de lectura":"1 minuto"},"schema":{"@context":"https:\/\/schema.org","@graph":[{"@type":"WebPage","@id":"https:\/\/expoplasticos.mx\/2026\/inscripcion-torneo-de-golf\/","url":"https:\/\/expoplasticos.mx\/2026\/inscripcion-torneo-de-golf\/","name":"INSCRIPCI\u00d3N TORNEO DE GOLF - Expo Pl\u00e1sticos 2027","isPartOf":{"@id":"https:\/\/expoplasticos.mx\/2026\/#website"},"datePublished":"2026-02-17T17:56:50+00:00","dateModified":"2026-02-17T17:59:04+00:00","breadcrumb":{"@id":"https:\/\/expoplasticos.mx\/2026\/inscripcion-torneo-de-golf\/#breadcrumb"},"inLanguage":"es","potentialAction":[{"@type":"ReadAction","target":["https:\/\/expoplasticos.mx\/2026\/inscripcion-torneo-de-golf\/"]}]},{"@type":"BreadcrumbList","@id":"https:\/\/expoplasticos.mx\/2026\/inscripcion-torneo-de-golf\/#breadcrumb","itemListElement":[{"@type":"ListItem","position":1,"name":"Inicio","item":"https:\/\/expoplasticos.mx\/2026\/"},{"@type":"ListItem","position":2,"name":"INSCRIPCI\u00d3N TORNEO DE GOLF"}]},{"@type":"WebSite","@id":"https:\/\/expoplasticos.mx\/2026\/#website","url":"https:\/\/expoplasticos.mx\/2026\/","name":"Expo Pl\u00e1sticos 2026","description":"El punto de encuentro para la transformaci\u00f3n de la industria del pl\u00e1stico","publisher":{"@id":"https:\/\/expoplasticos.mx\/2026\/#organization"},"potentialAction":[{"@type":"SearchAction","target":{"@type":"EntryPoint","urlTemplate":"https:\/\/expoplasticos.mx\/2026\/?s={search_term_string}"},"query-input":{"@type":"PropertyValueSpecification","valueRequired":true,"valueName":"search_term_string"}}],"inLanguage":"es"},{"@type":"Organization","@id":"https:\/\/expoplasticos.mx\/2026\/#organization","name":"Expo Pl\u00e1sticos 2026","url":"https:\/\/expoplasticos.mx\/2026\/","logo":{"@type":"ImageObject","inLanguage":"es","@id":"https:\/\/expoplasticos.mx\/2026\/#\/schema\/logo\/image\/","url":"https:\/\/expoplasticos.mx\/2026\/wp-content\/uploads\/2025\/10\/EP26_LogYoast.webp","contentUrl":"https:\/\/expoplasticos.mx\/2026\/wp-content\/uploads\/2025\/10\/EP26_LogYoast.webp","width":875,"height":286,"caption":"Expo Pl\u00e1sticos 2026"},"image":{"@id":"https:\/\/expoplasticos.mx\/2026\/#\/schema\/logo\/image\/"},"sameAs":["http:\/\/www.facebook.com\/ExpoPlasticos","https:\/\/x.com\/expoplasticos","http:\/\/www.instagram.com\/ExpoPlasticos","https:\/\/www.linkedin.com\/company\/expoplasticos\/posts\/?feedView=all","https:\/\/www.youtube.com\/@ExpoPlasticos"]}]}},"_links":{"self":[{"href":"https:\/\/expoplasticos.mx\/2026\/wp-json\/wp\/v2\/pages\/987497005","targetHints":{"allow":["GET"]}}],"collection":[{"href":"https:\/\/expoplasticos.mx\/2026\/wp-json\/wp\/v2\/pages"}],"about":[{"href":"https:\/\/expoplasticos.mx\/2026\/wp-json\/wp\/v2\/types\/page"}],"author":[{"embeddable":true,"href":"https:\/\/expoplasticos.mx\/2026\/wp-json\/wp\/v2\/users\/1"}],"replies":[{"embeddable":true,"href":"https:\/\/expoplasticos.mx\/2026\/wp-json\/wp\/v2\/comments?post=987497005"}],"version-history":[{"count":3,"href":"https:\/\/expoplasticos.mx\/2026\/wp-json\/wp\/v2\/pages\/987497005\/revisions"}],"predecessor-version":[{"id":987497009,"href":"https:\/\/expoplasticos.mx\/2026\/wp-json\/wp\/v2\/pages\/987497005\/revisions\/987497009"}],"wp:attachment":[{"href":"https:\/\/expoplasticos.mx\/2026\/wp-json\/wp\/v2\/media?parent=987497005"}],"curies":[{"name":"wp","href":"https:\/\/api.w.org\/{rel}","templated":true}]}}