{"id":987496245,"date":"2026-01-30T02:37:42","date_gmt":"2026-01-30T02:37:42","guid":{"rendered":"https:\/\/expoplasticos.mx\/2026\/?page_id=987496245"},"modified":"2026-03-05T21:48:02","modified_gmt":"2026-03-05T21:48:02","slug":"cursos-ambiente-plastico","status":"publish","type":"page","link":"https:\/\/expoplasticos.mx\/2026\/cursos-ambiente-plastico\/","title":{"rendered":"CURSOS AMBIENTE PL\u00c1STICO"},"content":{"rendered":"<p>[et_pb_section fb_built=\u00bb1&#8243; _builder_version=\u00bb4.27.4&#8243; _module_preset=\u00bbdefault\u00bb use_background_color_gradient=\u00bbon\u00bb background_color_gradient_stops=\u00bbrgba(0,85,183,0.81) 31%|rgba(0,143,239,0.84) 99%\u00bb background_color_gradient_overlays_image=\u00bbon\u00bb background_image=\u00bbhttps:\/\/expoplasticos.mx\/2026\/wp-content\/uploads\/2025\/08\/Expo-plasticos-Sopladora-Molde.webp\u00bb custom_margin=\u00bb0px||0px||false|\u00bb custom_padding=\u00bb32px||28px|||\u00bb da_disable_devices=\u00bboff|off|off\u00bb global_colors_info=\u00bb{}\u00bb da_is_popup=\u00bboff\u00bb da_exit_intent=\u00bboff\u00bb da_has_close=\u00bbon\u00bb da_alt_close=\u00bboff\u00bb da_dark_close=\u00bboff\u00bb da_not_modal=\u00bbon\u00bb da_is_singular=\u00bboff\u00bb da_with_loader=\u00bboff\u00bb da_has_shadow=\u00bbon\u00bb][et_pb_row _builder_version=\u00bb4.27.4&#8243; _module_preset=\u00bbdefault\u00bb custom_padding=\u00bb||4px|||\u00bb global_colors_info=\u00bb{}\u00bb][et_pb_column type=\u00bb4_4&#8243; _builder_version=\u00bb4.27.4&#8243; _module_preset=\u00bbdefault\u00bb global_colors_info=\u00bb{}\u00bb][et_pb_text _builder_version=\u00bb4.27.4&#8243; _module_preset=\u00bb_initial\u00bb text_line_height=\u00bb1.5em\u00bb header_2_font=\u00bbOswald|||on|||||\u00bb header_2_font_size=\u00bb40px\u00bb header_2_letter_spacing=\u00bb-1px\u00bb header_2_line_height=\u00bb1.5em\u00bb custom_margin=\u00bb||10px||false|false\u00bb header_2_font_size_tablet=\u00bb32px\u00bb header_2_font_size_phone=\u00bb33px\u00bb header_2_font_size_last_edited=\u00bbon|desktop\u00bb global_colors_info=\u00bb{}\u00bb]<\/p>\n<h2 style=\"text-align: center;\"><span style=\"color: #ffffff;\">CURSO MATERIALES PL\u00c1STICOS<\/span><\/h2>\n<p>[\/et_pb_text][\/et_pb_column][\/et_pb_row][\/et_pb_section][et_pb_section fb_built=\u00bb1&#8243; disabled_on=\u00bboff|off|off\u00bb admin_label=\u00bbSection\u00bb _builder_version=\u00bb4.27.4&#8243; _module_preset=\u00bbdefault\u00bb background_color=\u00bb#f2f2f2&#8243; custom_padding=\u00bb13px||27px|||\u00bb da_disable_devices=\u00bboff|off|off\u00bb global_colors_info=\u00bb{}\u00bb da_is_popup=\u00bboff\u00bb da_exit_intent=\u00bboff\u00bb da_has_close=\u00bbon\u00bb da_alt_close=\u00bboff\u00bb da_dark_close=\u00bboff\u00bb da_not_modal=\u00bbon\u00bb da_is_singular=\u00bboff\u00bb da_with_loader=\u00bboff\u00bb da_has_shadow=\u00bbon\u00bb][et_pb_row _builder_version=\u00bb4.27.4&#8243; _module_preset=\u00bbdefault\u00bb custom_padding=\u00bb|||0px||\u00bb global_colors_info=\u00bb{}\u00bb][et_pb_column type=\u00bb4_4&#8243; _builder_version=\u00bb4.27.4&#8243; _module_preset=\u00bbdefault\u00bb global_colors_info=\u00bb{}\u00bb][et_pb_text _builder_version=\u00bb4.27.4&#8243; _module_preset=\u00bbdefault\u00bb background_color=\u00bbrgba(143,234,252,0.61)\u00bb custom_margin=\u00bb|-48px||-48px|false|true\u00bb custom_padding=\u00bb|33px||33px|false|false\u00bb global_colors_info=\u00bb{}\u00bb]<\/p>\n<p class=\"p1\">\n<p class=\"p1\">En paralelo a Expo Pl\u00e1sticos, Ambiente Pl\u00e1stico impartir\u00e1 curso de especializaci\u00f3n para actualizar conocimientos, fortalecer habilidades t\u00e9cnicas y conocer las mejores pr\u00e1cticas de la industria.<\/p>\n<p class=\"p1\" style=\"text-align: center;\"><span style=\"font-size: x-large;\"><b>Aprende, con\u00e9ctate y potencia tu desarrollo profesional en un solo lugar.<\/b><\/span><\/p>\n<p class=\"p1\" style=\"text-align: center;\"><span style=\"font-size: x-large;\"><b><\/b><\/span><\/p>\n<p>[\/et_pb_text][\/et_pb_column][\/et_pb_row][et_pb_row column_structure=\u00bb1_2,1_2&#8243; _builder_version=\u00bb4.27.4&#8243; _module_preset=\u00bbdefault\u00bb custom_padding=\u00bb0px|||0px||\u00bb global_colors_info=\u00bb{}\u00bb][et_pb_column type=\u00bb1_2&#8243; _builder_version=\u00bb4.27.4&#8243; _module_preset=\u00bbdefault\u00bb global_colors_info=\u00bb{}\u00bb][et_pb_image src=\u00bbhttps:\/\/expoplasticos.mx\/2026\/wp-content\/uploads\/2026\/01\/Captura-de-pantalla-2026-01-12-a-las-12.45.09-p.m.1.webp\u00bb title_text=\u00bbCaptura de pantalla 2026-01-12 a la(s) 12.45.09\u202fp.m.(1)\u00bb _builder_version=\u00bb4.27.4&#8243; _module_preset=\u00bbdefault\u00bb global_colors_info=\u00bb{}\u00bb][\/et_pb_image][\/et_pb_column][et_pb_column type=\u00bb1_2&#8243; _builder_version=\u00bb4.27.4&#8243; _module_preset=\u00bbdefault\u00bb global_colors_info=\u00bb{}\u00bb][et_pb_text _builder_version=\u00bb4.27.4&#8243; _module_preset=\u00bbdefault\u00bb custom_padding=\u00bb||0px|||\u00bb hover_enabled=\u00bb0&#8243; global_colors_info=\u00bb{}\u00bb sticky_enabled=\u00bb0&#8243;]<\/p>\n<p class=\"p1\"><span style=\"font-size: x-large; color: #2091e8;\"><b>Materiales Pl\u00e1sticos <\/b><\/span><br \/><span style=\"font-size: large;\"><b>24 al 26 de marzo<br \/>Horario: 09:00 am a 12:00 pm<br \/><\/b><\/span><\/p>\n<p class=\"p1\"><b>Precio especial por los 3 d\u00edas: <\/b><\/p>\n<p class=\"p1\"><span style=\"color: #339966; font-size: x-large;\"><strong>$3,300 MXN IVA incluido<\/strong><\/span><\/p>\n<p class=\"p1\"><b>Informes e inscripciones<\/b><\/p>\n<p class=\"p1\"><b>Dulce Escobedo<\/b><br \/>revista@ambienteplastico.com<br \/>55 8718 7286<br \/>www.plastico.com.mx<\/p>\n<p>[\/et_pb_text][\/et_pb_column][\/et_pb_row][et_pb_row column_structure=\u00bb1_2,1_2&#8243; _builder_version=\u00bb4.27.4&#8243; _module_preset=\u00bbdefault\u00bb custom_padding=\u00bb0px||1px|||\u00bb global_colors_info=\u00bb{}\u00bb][et_pb_column type=\u00bb1_2&#8243; _builder_version=\u00bb4.27.4&#8243; _module_preset=\u00bbdefault\u00bb global_colors_info=\u00bb{}\u00bb][et_pb_text _builder_version=\u00bb4.27.4&#8243; _module_preset=\u00bbdefault\u00bb text_line_height=\u00bb1em\u00bb custom_padding=\u00bb20px|||||\u00bb global_colors_info=\u00bb{}\u00bb]<\/p>\n<p class=\"p1\"><span style=\"font-size: small;\"><b>Temarios:<\/b><\/span><\/p>\n<p class=\"p1\"><span style=\"font-size: small;\"><b>Curso: Materiales Pl\u00e1sticos<\/b><\/span><\/p>\n<p class=\"p1\"><span style=\"font-size: small;\"><b>Dirigido a:<\/b><\/span><\/p>\n<ul class=\"ul1\">\n<li class=\"li1\"><span style=\"font-size: small;\">Personal de Ventas, Compras o \u00e1reas no t\u00e9cnicas<\/span><\/li>\n<li class=\"li1\"><span style=\"font-size: small;\">Ejecutivos, directivos y personal de nuevo ingreso<\/span><\/li>\n<li class=\"li1\"><span style=\"font-size: small;\">Personas sin experiencia en pl\u00e1sticos<\/span><\/li>\n<li class=\"li1\"><span style=\"font-size: small;\">Estudiantes<\/span><\/li>\n<\/ul>\n<p class=\"p1\"><span style=\"font-size: small;\"><b>Beneficios:<\/b><\/span><\/p>\n<ul class=\"ul1\">\n<li class=\"li1\"><span style=\"font-size: small;\">Comprender las cualidades, ventajas y comportamiento de los pl\u00e1sticos<\/span><\/li>\n<li class=\"li1\"><span style=\"font-size: small;\">Conocer los principales m\u00e9todos de procesamiento<\/span><\/li>\n<li class=\"li1\"><span style=\"font-size: small;\">Identificar los pl\u00e1sticos m\u00e1s usados en M\u00e9xico y el mundo<\/span><\/li>\n<li class=\"li1\"><span style=\"font-size: small;\">Adquirir un lenguaje t\u00e9cnico b\u00e1sico para comunicarte con expertos<\/span><\/li>\n<\/ul>\n<p class=\"p1\">\n<p>[\/et_pb_text][\/et_pb_column][et_pb_column type=\u00bb1_2&#8243; _builder_version=\u00bb4.27.4&#8243; _module_preset=\u00bbdefault\u00bb global_colors_info=\u00bb{}\u00bb][et_pb_text _builder_version=\u00bb4.27.4&#8243; _module_preset=\u00bbdefault\u00bb text_line_height=\u00bb1em\u00bb custom_padding=\u00bb20px|||||\u00bb global_colors_info=\u00bb{}\u00bb]<\/p>\n<p><b style=\"font-size: small;\">Programa:<\/b><\/p>\n<ol class=\"ol1\">\n<li class=\"li1\"><span style=\"font-size: small;\"><b>El mundo de los pl\u00e1sticos<\/b><\/span><br \/><span style=\"font-size: small;\">Conceptos b\u00e1sicos, clasificaci\u00f3n<\/span><\/li>\n<li class=\"li1\"><span style=\"font-size: small;\"><b>Procesos generales<\/b><\/span><br \/><span style=\"font-size: small;\">Inyecci\u00f3n, extrusi\u00f3n, soplado, termoformado, rotomoldeo<\/span><\/li>\n<li class=\"li1\"><span style=\"font-size: small;\"><b>Caracterizaci\u00f3n<\/b><\/span><br \/><span style=\"font-size: small;\">Propiedades f\u00edsicas, mec\u00e1nicas, t\u00e9rmicas, \u00f3pticas, el\u00e9ctricas y qu\u00edmicas<\/span><\/li>\n<li class=\"li1\"><span style=\"font-size: small;\"><b>Principales materiales<\/b><b><\/b><\/span><\/li>\n<ul class=\"ul1\">\n<li class=\"li1\"><span style=\"font-size: small;\">Poliolefinas<\/span><\/li>\n<li class=\"li1\"><span style=\"font-size: small;\">PVC<\/span><\/li>\n<li class=\"li1\"><span style=\"font-size: small;\">Poliestirenos<\/span><\/li>\n<li class=\"li1\"><span style=\"font-size: small;\">Pl\u00e1sticos de ingenier\u00eda<\/span><\/li>\n<li class=\"li1\"><span style=\"font-size: small;\">PET<\/span><\/li>\n<\/ul>\n<\/ol>\n<p class=\"p1\">\n<p>[\/et_pb_text][\/et_pb_column][\/et_pb_row][et_pb_row _builder_version=\u00bb4.27.4&#8243; _module_preset=\u00bbdefault\u00bb custom_padding=\u00bb0px|||||\u00bb global_colors_info=\u00bb{}\u00bb][et_pb_column type=\u00bb4_4&#8243; _builder_version=\u00bb4.27.4&#8243; _module_preset=\u00bbdefault\u00bb global_colors_info=\u00bb{}\u00bb][et_pb_text _builder_version=\u00bb4.27.4&#8243; _module_preset=\u00bbdefault\u00bb text_font_size=\u00bb15px\u00bb custom_padding=\u00bb6px||0px|||\u00bb global_colors_info=\u00bb{}\u00bb]<\/p>\n<p class=\"p1\"><strong>Semblanza del instuctor:<\/strong><\/p>\n<p class=\"p1\">Ingeniero Qu\u00edmico con amplia experiencia en pl\u00e1sticos. Procesos de Extrusi\u00f3n, Inyecci\u00f3n y los principales procesos de transformaci\u00f3n. Poliolefinas y otros pl\u00e1sticos. Experiencia en planta, en gerencias de producci\u00f3n. Experiencia docente en el Centro Empresarial del Pl\u00e1stico, S.A. de C.V. impartiendo cursos en materiales y procesos. Asesor\u00eda t\u00e9cnica y comercial a diversas empresas del ramo. M\u00e1s de 20 a\u00f1os de experiencia en la Industria del Pl\u00e1stico<\/p>\n<p class=\"p1\">\n<p>[\/et_pb_text][\/et_pb_column][\/et_pb_row][\/et_pb_section]<\/p>\n","protected":false},"excerpt":{"rendered":"<p>CURSO MATERIALES PL\u00c1STICOS En paralelo a Expo Pl\u00e1sticos, Ambiente Pl\u00e1stico impartir\u00e1 curso de especializaci\u00f3n para actualizar conocimientos, fortalecer habilidades t\u00e9cnicas y conocer las mejores pr\u00e1cticas de la industria. Aprende, con\u00e9ctate y potencia tu desarrollo profesional en un solo lugar. Materiales Pl\u00e1sticos 24 al 26 de marzoHorario: 09:00 am a 12:00 pm Precio especial por los 3 d\u00edas: $3,300 MXN IVA incluido Informes e inscripciones Dulce Escobedorevista@ambienteplastico.com55 8718 7286www.plastico.com.mxTemarios: Curso: Materiales Pl\u00e1sticos Dirigido a: Personal de Ventas, Compras o \u00e1reas no t\u00e9cnicas Ejecutivos, directivos y personal de nuevo ingreso Personas sin experiencia en pl\u00e1sticos Estudiantes Beneficios: Comprender las cualidades, ventajas y comportamiento de los pl\u00e1sticos Conocer los principales m\u00e9todos de procesamiento Identificar los pl\u00e1sticos m\u00e1s usados en M\u00e9xico y el mundo Adquirir un lenguaje t\u00e9cnico b\u00e1sico para comunicarte con expertos Programa: El mundo de los pl\u00e1sticosConceptos b\u00e1sicos, clasificaci\u00f3n Procesos generalesInyecci\u00f3n, extrusi\u00f3n, soplado, termoformado, rotomoldeo Caracterizaci\u00f3nPropiedades f\u00edsicas, mec\u00e1nicas, t\u00e9rmicas, \u00f3pticas, el\u00e9ctricas y qu\u00edmicas Principales materiales Poliolefinas PVC Poliestirenos Pl\u00e1sticos de ingenier\u00eda PET Semblanza del instuctor: Ingeniero Qu\u00edmico con amplia experiencia en pl\u00e1sticos. Procesos de Extrusi\u00f3n, Inyecci\u00f3n y los principales procesos de transformaci\u00f3n. Poliolefinas y otros pl\u00e1sticos. Experiencia en planta, en gerencias de producci\u00f3n. Experiencia docente en el Centro Empresarial del Pl\u00e1stico, S.A. [&hellip;]<\/p>\n","protected":false},"author":2,"featured_media":0,"parent":0,"menu_order":0,"comment_status":"closed","ping_status":"closed","template":"","meta":{"_et_pb_use_builder":"on","_et_pb_old_content":"","_et_gb_content_width":"","cybocfi_hide_featured_image":"","footnotes":""},"class_list":["post-987496245","page","type-page","status-publish","hentry"],"yoast_head":"<!-- This site is optimized with the Yoast SEO plugin v26.5 - https:\/\/yoast.com\/wordpress\/plugins\/seo\/ -->\n<title>CURSOS AMBIENTE PL\u00c1STICO - Expo Pl\u00e1sticos 2027<\/title>\n<meta name=\"robots\" content=\"index, follow, max-snippet:-1, max-image-preview:large, max-video-preview:-1\" \/>\n<link rel=\"canonical\" href=\"https:\/\/expoplasticos.mx\/2026\/cursos-ambiente-plastico\/\" \/>\n<meta property=\"og:locale\" content=\"es_ES\" \/>\n<meta property=\"og:type\" content=\"article\" \/>\n<meta property=\"og:title\" content=\"CURSOS AMBIENTE PL\u00c1STICO - Expo Pl\u00e1sticos 2027\" \/>\n<meta property=\"og:description\" content=\"CURSO MATERIALES PL\u00c1STICOS En paralelo a Expo Pl\u00e1sticos, Ambiente Pl\u00e1stico impartir\u00e1 curso de especializaci\u00f3n para actualizar conocimientos, fortalecer habilidades t\u00e9cnicas y conocer las mejores pr\u00e1cticas de la industria. Aprende, con\u00e9ctate y potencia tu desarrollo profesional en un solo lugar. Materiales Pl\u00e1sticos 24 al 26 de marzoHorario: 09:00 am a 12:00 pm Precio especial por los 3 d\u00edas: $3,300 MXN IVA incluido Informes e inscripciones Dulce Escobedorevista@ambienteplastico.com55 8718 7286www.plastico.com.mxTemarios: Curso: Materiales Pl\u00e1sticos Dirigido a: Personal de Ventas, Compras o \u00e1reas no t\u00e9cnicas Ejecutivos, directivos y personal de nuevo ingreso Personas sin experiencia en pl\u00e1sticos Estudiantes Beneficios: Comprender las cualidades, ventajas y comportamiento de los pl\u00e1sticos Conocer los principales m\u00e9todos de procesamiento Identificar los pl\u00e1sticos m\u00e1s usados en M\u00e9xico y el mundo Adquirir un lenguaje t\u00e9cnico b\u00e1sico para comunicarte con expertos Programa: El mundo de los pl\u00e1sticosConceptos b\u00e1sicos, clasificaci\u00f3n Procesos generalesInyecci\u00f3n, extrusi\u00f3n, soplado, termoformado, rotomoldeo Caracterizaci\u00f3nPropiedades f\u00edsicas, mec\u00e1nicas, t\u00e9rmicas, \u00f3pticas, el\u00e9ctricas y qu\u00edmicas Principales materiales Poliolefinas PVC Poliestirenos Pl\u00e1sticos de ingenier\u00eda PET Semblanza del instuctor: Ingeniero Qu\u00edmico con amplia experiencia en pl\u00e1sticos. Procesos de Extrusi\u00f3n, Inyecci\u00f3n y los principales procesos de transformaci\u00f3n. Poliolefinas y otros pl\u00e1sticos. Experiencia en planta, en gerencias de producci\u00f3n. Experiencia docente en el Centro Empresarial del Pl\u00e1stico, S.A. [&hellip;]\" \/>\n<meta property=\"og:url\" content=\"https:\/\/expoplasticos.mx\/2026\/cursos-ambiente-plastico\/\" \/>\n<meta property=\"og:site_name\" content=\"Expo Pl\u00e1sticos 2027\" \/>\n<meta property=\"article:publisher\" content=\"http:\/\/www.facebook.com\/ExpoPlasticos\" \/>\n<meta property=\"article:modified_time\" content=\"2026-03-05T21:48:02+00:00\" \/>\n<meta property=\"og:image\" content=\"https:\/\/expoplasticos.mx\/2026\/wp-content\/uploads\/2025\/10\/EP26_Yoast_1200x675px.webp\" \/>\n\t<meta property=\"og:image:width\" content=\"1200\" \/>\n\t<meta property=\"og:image:height\" content=\"675\" \/>\n\t<meta property=\"og:image:type\" content=\"image\/webp\" \/>\n<meta name=\"twitter:card\" content=\"summary_large_image\" \/>\n<meta name=\"twitter:site\" content=\"@expoplasticos\" \/>\n<meta name=\"twitter:label1\" content=\"Tiempo de lectura\" \/>\n\t<meta name=\"twitter:data1\" content=\"4 minutos\" \/>\n<script type=\"application\/ld+json\" class=\"yoast-schema-graph\">{\"@context\":\"https:\/\/schema.org\",\"@graph\":[{\"@type\":\"WebPage\",\"@id\":\"https:\/\/expoplasticos.mx\/2026\/cursos-ambiente-plastico\/\",\"url\":\"https:\/\/expoplasticos.mx\/2026\/cursos-ambiente-plastico\/\",\"name\":\"CURSOS AMBIENTE PL\u00c1STICO - Expo Pl\u00e1sticos 2027\",\"isPartOf\":{\"@id\":\"https:\/\/expoplasticos.mx\/2026\/#website\"},\"datePublished\":\"2026-01-30T02:37:42+00:00\",\"dateModified\":\"2026-03-05T21:48:02+00:00\",\"breadcrumb\":{\"@id\":\"https:\/\/expoplasticos.mx\/2026\/cursos-ambiente-plastico\/#breadcrumb\"},\"inLanguage\":\"es\",\"potentialAction\":[{\"@type\":\"ReadAction\",\"target\":[\"https:\/\/expoplasticos.mx\/2026\/cursos-ambiente-plastico\/\"]}]},{\"@type\":\"BreadcrumbList\",\"@id\":\"https:\/\/expoplasticos.mx\/2026\/cursos-ambiente-plastico\/#breadcrumb\",\"itemListElement\":[{\"@type\":\"ListItem\",\"position\":1,\"name\":\"Inicio\",\"item\":\"https:\/\/expoplasticos.mx\/2026\/\"},{\"@type\":\"ListItem\",\"position\":2,\"name\":\"CURSOS AMBIENTE PL\u00c1STICO\"}]},{\"@type\":\"WebSite\",\"@id\":\"https:\/\/expoplasticos.mx\/2026\/#website\",\"url\":\"https:\/\/expoplasticos.mx\/2026\/\",\"name\":\"Expo Pl\u00e1sticos 2026\",\"description\":\"El punto de encuentro para la transformaci\u00f3n de la industria del pl\u00e1stico\",\"publisher\":{\"@id\":\"https:\/\/expoplasticos.mx\/2026\/#organization\"},\"potentialAction\":[{\"@type\":\"SearchAction\",\"target\":{\"@type\":\"EntryPoint\",\"urlTemplate\":\"https:\/\/expoplasticos.mx\/2026\/?s={search_term_string}\"},\"query-input\":{\"@type\":\"PropertyValueSpecification\",\"valueRequired\":true,\"valueName\":\"search_term_string\"}}],\"inLanguage\":\"es\"},{\"@type\":\"Organization\",\"@id\":\"https:\/\/expoplasticos.mx\/2026\/#organization\",\"name\":\"Expo Pl\u00e1sticos 2026\",\"url\":\"https:\/\/expoplasticos.mx\/2026\/\",\"logo\":{\"@type\":\"ImageObject\",\"inLanguage\":\"es\",\"@id\":\"https:\/\/expoplasticos.mx\/2026\/#\/schema\/logo\/image\/\",\"url\":\"https:\/\/expoplasticos.mx\/2026\/wp-content\/uploads\/2025\/10\/EP26_LogYoast.webp\",\"contentUrl\":\"https:\/\/expoplasticos.mx\/2026\/wp-content\/uploads\/2025\/10\/EP26_LogYoast.webp\",\"width\":875,\"height\":286,\"caption\":\"Expo Pl\u00e1sticos 2026\"},\"image\":{\"@id\":\"https:\/\/expoplasticos.mx\/2026\/#\/schema\/logo\/image\/\"},\"sameAs\":[\"http:\/\/www.facebook.com\/ExpoPlasticos\",\"https:\/\/x.com\/expoplasticos\",\"http:\/\/www.instagram.com\/ExpoPlasticos\",\"https:\/\/www.linkedin.com\/company\/expoplasticos\/posts\/?feedView=all\",\"https:\/\/www.youtube.com\/@ExpoPlasticos\"]}]}<\/script>\n<!-- \/ Yoast SEO plugin. -->","yoast_head_json":{"title":"CURSOS AMBIENTE PL\u00c1STICO - Expo Pl\u00e1sticos 2027","robots":{"index":"index","follow":"follow","max-snippet":"max-snippet:-1","max-image-preview":"max-image-preview:large","max-video-preview":"max-video-preview:-1"},"canonical":"https:\/\/expoplasticos.mx\/2026\/cursos-ambiente-plastico\/","og_locale":"es_ES","og_type":"article","og_title":"CURSOS AMBIENTE PL\u00c1STICO - Expo Pl\u00e1sticos 2027","og_description":"CURSO MATERIALES PL\u00c1STICOS En paralelo a Expo Pl\u00e1sticos, Ambiente Pl\u00e1stico impartir\u00e1 curso de especializaci\u00f3n para actualizar conocimientos, fortalecer habilidades t\u00e9cnicas y conocer las mejores pr\u00e1cticas de la industria. Aprende, con\u00e9ctate y potencia tu desarrollo profesional en un solo lugar. Materiales Pl\u00e1sticos 24 al 26 de marzoHorario: 09:00 am a 12:00 pm Precio especial por los 3 d\u00edas: $3,300 MXN IVA incluido Informes e inscripciones Dulce Escobedorevista@ambienteplastico.com55 8718 7286www.plastico.com.mxTemarios: Curso: Materiales Pl\u00e1sticos Dirigido a: Personal de Ventas, Compras o \u00e1reas no t\u00e9cnicas Ejecutivos, directivos y personal de nuevo ingreso Personas sin experiencia en pl\u00e1sticos Estudiantes Beneficios: Comprender las cualidades, ventajas y comportamiento de los pl\u00e1sticos Conocer los principales m\u00e9todos de procesamiento Identificar los pl\u00e1sticos m\u00e1s usados en M\u00e9xico y el mundo Adquirir un lenguaje t\u00e9cnico b\u00e1sico para comunicarte con expertos Programa: El mundo de los pl\u00e1sticosConceptos b\u00e1sicos, clasificaci\u00f3n Procesos generalesInyecci\u00f3n, extrusi\u00f3n, soplado, termoformado, rotomoldeo Caracterizaci\u00f3nPropiedades f\u00edsicas, mec\u00e1nicas, t\u00e9rmicas, \u00f3pticas, el\u00e9ctricas y qu\u00edmicas Principales materiales Poliolefinas PVC Poliestirenos Pl\u00e1sticos de ingenier\u00eda PET Semblanza del instuctor: Ingeniero Qu\u00edmico con amplia experiencia en pl\u00e1sticos. Procesos de Extrusi\u00f3n, Inyecci\u00f3n y los principales procesos de transformaci\u00f3n. Poliolefinas y otros pl\u00e1sticos. Experiencia en planta, en gerencias de producci\u00f3n. Experiencia docente en el Centro Empresarial del Pl\u00e1stico, S.A. [&hellip;]","og_url":"https:\/\/expoplasticos.mx\/2026\/cursos-ambiente-plastico\/","og_site_name":"Expo Pl\u00e1sticos 2027","article_publisher":"http:\/\/www.facebook.com\/ExpoPlasticos","article_modified_time":"2026-03-05T21:48:02+00:00","og_image":[{"width":1200,"height":675,"url":"https:\/\/expoplasticos.mx\/2026\/wp-content\/uploads\/2025\/10\/EP26_Yoast_1200x675px.webp","type":"image\/webp"}],"twitter_card":"summary_large_image","twitter_site":"@expoplasticos","twitter_misc":{"Tiempo de lectura":"4 minutos"},"schema":{"@context":"https:\/\/schema.org","@graph":[{"@type":"WebPage","@id":"https:\/\/expoplasticos.mx\/2026\/cursos-ambiente-plastico\/","url":"https:\/\/expoplasticos.mx\/2026\/cursos-ambiente-plastico\/","name":"CURSOS AMBIENTE PL\u00c1STICO - Expo Pl\u00e1sticos 2027","isPartOf":{"@id":"https:\/\/expoplasticos.mx\/2026\/#website"},"datePublished":"2026-01-30T02:37:42+00:00","dateModified":"2026-03-05T21:48:02+00:00","breadcrumb":{"@id":"https:\/\/expoplasticos.mx\/2026\/cursos-ambiente-plastico\/#breadcrumb"},"inLanguage":"es","potentialAction":[{"@type":"ReadAction","target":["https:\/\/expoplasticos.mx\/2026\/cursos-ambiente-plastico\/"]}]},{"@type":"BreadcrumbList","@id":"https:\/\/expoplasticos.mx\/2026\/cursos-ambiente-plastico\/#breadcrumb","itemListElement":[{"@type":"ListItem","position":1,"name":"Inicio","item":"https:\/\/expoplasticos.mx\/2026\/"},{"@type":"ListItem","position":2,"name":"CURSOS AMBIENTE PL\u00c1STICO"}]},{"@type":"WebSite","@id":"https:\/\/expoplasticos.mx\/2026\/#website","url":"https:\/\/expoplasticos.mx\/2026\/","name":"Expo Pl\u00e1sticos 2026","description":"El punto de encuentro para la transformaci\u00f3n de la industria del pl\u00e1stico","publisher":{"@id":"https:\/\/expoplasticos.mx\/2026\/#organization"},"potentialAction":[{"@type":"SearchAction","target":{"@type":"EntryPoint","urlTemplate":"https:\/\/expoplasticos.mx\/2026\/?s={search_term_string}"},"query-input":{"@type":"PropertyValueSpecification","valueRequired":true,"valueName":"search_term_string"}}],"inLanguage":"es"},{"@type":"Organization","@id":"https:\/\/expoplasticos.mx\/2026\/#organization","name":"Expo Pl\u00e1sticos 2026","url":"https:\/\/expoplasticos.mx\/2026\/","logo":{"@type":"ImageObject","inLanguage":"es","@id":"https:\/\/expoplasticos.mx\/2026\/#\/schema\/logo\/image\/","url":"https:\/\/expoplasticos.mx\/2026\/wp-content\/uploads\/2025\/10\/EP26_LogYoast.webp","contentUrl":"https:\/\/expoplasticos.mx\/2026\/wp-content\/uploads\/2025\/10\/EP26_LogYoast.webp","width":875,"height":286,"caption":"Expo Pl\u00e1sticos 2026"},"image":{"@id":"https:\/\/expoplasticos.mx\/2026\/#\/schema\/logo\/image\/"},"sameAs":["http:\/\/www.facebook.com\/ExpoPlasticos","https:\/\/x.com\/expoplasticos","http:\/\/www.instagram.com\/ExpoPlasticos","https:\/\/www.linkedin.com\/company\/expoplasticos\/posts\/?feedView=all","https:\/\/www.youtube.com\/@ExpoPlasticos"]}]}},"_links":{"self":[{"href":"https:\/\/expoplasticos.mx\/2026\/wp-json\/wp\/v2\/pages\/987496245","targetHints":{"allow":["GET"]}}],"collection":[{"href":"https:\/\/expoplasticos.mx\/2026\/wp-json\/wp\/v2\/pages"}],"about":[{"href":"https:\/\/expoplasticos.mx\/2026\/wp-json\/wp\/v2\/types\/page"}],"author":[{"embeddable":true,"href":"https:\/\/expoplasticos.mx\/2026\/wp-json\/wp\/v2\/users\/2"}],"replies":[{"embeddable":true,"href":"https:\/\/expoplasticos.mx\/2026\/wp-json\/wp\/v2\/comments?post=987496245"}],"version-history":[{"count":3,"href":"https:\/\/expoplasticos.mx\/2026\/wp-json\/wp\/v2\/pages\/987496245\/revisions"}],"predecessor-version":[{"id":987497764,"href":"https:\/\/expoplasticos.mx\/2026\/wp-json\/wp\/v2\/pages\/987496245\/revisions\/987497764"}],"wp:attachment":[{"href":"https:\/\/expoplasticos.mx\/2026\/wp-json\/wp\/v2\/media?parent=987496245"}],"curies":[{"name":"wp","href":"https:\/\/api.w.org\/{rel}","templated":true}]}}