{"id":987492880,"date":"2025-08-27T14:38:52","date_gmt":"2025-08-27T14:38:52","guid":{"rendered":"https:\/\/expoplasticos.mx\/2026\/?page_id=987492880"},"modified":"2026-01-23T20:38:51","modified_gmt":"2026-01-23T20:38:51","slug":"foro-de-negocios","status":"publish","type":"page","link":"https:\/\/expoplasticos.mx\/2026\/foro-de-negocios\/","title":{"rendered":"ENCUENTRO DE NEGOCIOS &#8211; EXPOSITORES"},"content":{"rendered":"<p>[et_pb_section fb_built=\u00bb1&#8243; _builder_version=\u00bb4.27.4&#8243; _module_preset=\u00bbdefault\u00bb custom_padding=\u00bb25px||20px|||\u00bb da_disable_devices=\u00bboff|off|off\u00bb global_colors_info=\u00bb{}\u00bb da_is_popup=\u00bboff\u00bb da_exit_intent=\u00bboff\u00bb da_has_close=\u00bbon\u00bb da_alt_close=\u00bboff\u00bb da_dark_close=\u00bboff\u00bb da_not_modal=\u00bbon\u00bb da_is_singular=\u00bboff\u00bb da_with_loader=\u00bboff\u00bb da_has_shadow=\u00bbon\u00bb][et_pb_row _builder_version=\u00bb4.27.4&#8243; _module_preset=\u00bbdefault\u00bb custom_padding=\u00bb||4px|||\u00bb global_colors_info=\u00bb{}\u00bb][et_pb_column type=\u00bb4_4&#8243; _builder_version=\u00bb4.27.4&#8243; _module_preset=\u00bbdefault\u00bb global_colors_info=\u00bb{}\u00bb][et_pb_text _builder_version=\u00bb4.27.4&#8243; _module_preset=\u00bb_initial\u00bb text_line_height=\u00bb1.5em\u00bb header_2_font=\u00bbOswald|||on|||||\u00bb header_2_font_size=\u00bb40px\u00bb header_2_letter_spacing=\u00bb-1px\u00bb header_2_line_height=\u00bb1.5em\u00bb custom_margin=\u00bb||10px||false|false\u00bb header_2_font_size_tablet=\u00bb32px\u00bb header_2_font_size_phone=\u00bb33px\u00bb header_2_font_size_last_edited=\u00bbon|desktop\u00bb global_colors_info=\u00bb{}\u00bb]<\/p>\n<h2 style=\"text-align: center;\">Encuentro de Negocios <span style=\"color: #0c71c3;\">Expo Pl\u00e1sticos 2026<\/span><\/h2>\n<p>[\/et_pb_text][et_pb_text _builder_version=\u00bb4.27.4&#8243; _module_preset=\u00bb_initial\u00bb text_font=\u00bbMontserrat||||||||\u00bb text_font_size=\u00bb18px\u00bb text_line_height=\u00bb1.8em\u00bb header_2_font_size=\u00bb22px\u00bb header_2_line_height=\u00bb1.4em\u00bb custom_margin=\u00bb||6px||false|false\u00bb text_font_size_tablet=\u00bb16px\u00bb text_font_size_phone=\u00bb17px\u00bb text_font_size_last_edited=\u00bbon|desktop\u00bb header_2_font_size_tablet=\u00bb22px\u00bb header_2_font_size_phone=\u00bb22px\u00bb header_2_font_size_last_edited=\u00bbon|desktop\u00bb global_colors_info=\u00bb{}\u00bb]<\/p>\n<h2 style=\"text-align: center;\"><strong>Genera alianzas estrat\u00e9gicas y concreta ventas en el Encuentro de Negocios de Expo Pl\u00e1sticos dise\u00f1ado para conectar a expositores con compradores calificados del sector.<\/strong><\/h2>\n<p style=\"text-align: center;\">A trav\u00e9s de citas personalizadas uno a uno, tu empresa se re\u00fane directamente con quienes toman decisiones de compra, maximizando tu retorno de inversi\u00f3n y multiplicando tus oportunidades comerciales.<\/p>\n<p>[\/et_pb_text][\/et_pb_column][\/et_pb_row][\/et_pb_section][et_pb_section fb_built=\u00bb1&#8243; _builder_version=\u00bb4.27.4&#8243; _module_preset=\u00bbdefault\u00bb background_color=\u00bb#f7f7f7&#8243; custom_margin=\u00bb21px|||||\u00bb custom_padding=\u00bb23px||42px|||\u00bb da_disable_devices=\u00bboff|off|off\u00bb global_colors_info=\u00bb{}\u00bb da_is_popup=\u00bboff\u00bb da_exit_intent=\u00bboff\u00bb da_has_close=\u00bbon\u00bb da_alt_close=\u00bboff\u00bb da_dark_close=\u00bboff\u00bb da_not_modal=\u00bbon\u00bb da_is_singular=\u00bboff\u00bb da_with_loader=\u00bboff\u00bb da_has_shadow=\u00bbon\u00bb][et_pb_row _builder_version=\u00bb4.27.4&#8243; _module_preset=\u00bbdefault\u00bb custom_padding=\u00bb9px||6px|||\u00bb global_colors_info=\u00bb{}\u00bb][et_pb_column type=\u00bb4_4&#8243; _builder_version=\u00bb4.27.4&#8243; _module_preset=\u00bbdefault\u00bb global_colors_info=\u00bb{}\u00bb][et_pb_text _builder_version=\u00bb4.27.4&#8243; _module_preset=\u00bb_initial\u00bb text_font_size=\u00bb18px\u00bb header_2_font=\u00bbOswald|||on|||||\u00bb header_2_text_color=\u00bb#0C71C3&#8243; header_2_font_size=\u00bb40px\u00bb header_2_letter_spacing=\u00bb-1px\u00bb header_2_line_height=\u00bb1.5em\u00bb custom_margin=\u00bb||10px||false|false\u00bb header_2_font_size_tablet=\u00bb32px\u00bb header_2_font_size_phone=\u00bb23px\u00bb header_2_font_size_last_edited=\u00bbon|desktop\u00bb global_colors_info=\u00bb{}\u00bb]<\/p>\n<h2 style=\"text-align: center;\"><span style=\"font-size: xx-large;\">S\u00e9 parte del Encuentro de Negocios en Expo Pl\u00e1sticos 2026<\/span><\/h2>\n<p>[\/et_pb_text][et_pb_button button_url=\u00bbhttps:\/\/expoplasticos.eventosmexicoindustry.com\/proveedores\/registro\u00bb button_text=\u00bb\u00a1Quiero Registrarme!\u00bb button_alignment=\u00bbcenter\u00bb _builder_version=\u00bb4.27.4&#8243; _module_preset=\u00bbdefault\u00bb custom_button=\u00bbon\u00bb button_text_size=\u00bb20px\u00bb button_text_color=\u00bb#FFFFFF\u00bb button_bg_color=\u00bb#28bc0b\u00bb button_border_color=\u00bbRGBA(255,255,255,0)\u00bb button_letter_spacing=\u00bb-0.5px\u00bb button_font=\u00bbMontserrat|600|||||||\u00bb button_icon=\u00bb&#x3d;||divi||400&#8243; hover_enabled=\u00bb0&#8243; global_colors_info=\u00bb{}\u00bb sticky_enabled=\u00bb0&#8243;][\/et_pb_button][\/et_pb_column][\/et_pb_row][\/et_pb_section][et_pb_section fb_built=\u00bb1&#8243; _builder_version=\u00bb4.27.4&#8243; _module_preset=\u00bbdefault\u00bb background_color=\u00bb#edf8ff\u00bb use_background_color_gradient=\u00bbon\u00bb background_color_gradient_stops=\u00bbrgba(249,0,141,0.3) 0%|rgba(247,9,152,0.38) 100%\u00bb background_color_gradient_overlays_image=\u00bbon\u00bb background_image=\u00bbhttps:\/\/expoplasticos.mx\/2026\/wp-content\/uploads\/2025\/08\/ExpoPla\u0301sticos-2024-EXPO-18971.webp\u00bb parallax=\u00bbon\u00bb custom_padding=\u00bb64px||53px|||\u00bb da_disable_devices=\u00bboff|off|off\u00bb global_colors_info=\u00bb{}\u00bb da_is_popup=\u00bboff\u00bb da_exit_intent=\u00bboff\u00bb da_has_close=\u00bbon\u00bb da_alt_close=\u00bboff\u00bb da_dark_close=\u00bboff\u00bb da_not_modal=\u00bbon\u00bb da_is_singular=\u00bboff\u00bb da_with_loader=\u00bboff\u00bb da_has_shadow=\u00bbon\u00bb][et_pb_row column_structure=\u00bb1_3,1_3,1_3&#8243; _builder_version=\u00bb4.27.4&#8243; _module_preset=\u00bbdefault\u00bb custom_padding=\u00bb29px||8px|||\u00bb global_colors_info=\u00bb{}\u00bb][et_pb_column type=\u00bb1_3&#8243; _builder_version=\u00bb4.27.4&#8243; _module_preset=\u00bbdefault\u00bb global_colors_info=\u00bb{}\u00bb][et_pb_number_counter title=\u00bbdel los participantes decide o influye directamente en la compra de maquinaria y productos para sus empresas\u00bb number=\u00bb+70%\u00bb percent_sign=\u00bboff\u00bb _builder_version=\u00bb4.27.4&#8243; _module_preset=\u00bbdefault\u00bb title_font=\u00bbMontserrat||||||||\u00bb title_text_color=\u00bb#FFFFFF\u00bb title_font_size=\u00bb20px\u00bb title_line_height=\u00bb1.3em\u00bb number_font=\u00bbMontserrat|700|||||||\u00bb number_text_color=\u00bb#FFFFFF\u00bb global_colors_info=\u00bb{}\u00bb][\/et_pb_number_counter][\/et_pb_column][et_pb_column type=\u00bb1_3&#8243; _builder_version=\u00bb4.27.4&#8243; _module_preset=\u00bbdefault\u00bb global_colors_info=\u00bb{}\u00bb][et_pb_number_counter title=\u00bbde los asistentes son propietarios o directores generales de empresas\u00bb number=\u00bb+35%\u00bb percent_sign=\u00bboff\u00bb _builder_version=\u00bb4.27.4&#8243; _module_preset=\u00bbdefault\u00bb title_font=\u00bbMontserrat||||||||\u00bb title_text_color=\u00bb#FFFFFF\u00bb title_font_size=\u00bb20px\u00bb title_line_height=\u00bb1.3em\u00bb number_font=\u00bbMontserrat|700|||||||\u00bb number_text_color=\u00bb#FFFFFF\u00bb global_colors_info=\u00bb{}\u00bb][\/et_pb_number_counter][\/et_pb_column][et_pb_column type=\u00bb1_3&#8243; _builder_version=\u00bb4.27.4&#8243; _module_preset=\u00bbdefault\u00bb global_colors_info=\u00bb{}\u00bb][et_pb_number_counter title=\u00bbvisitantes de alto perfil\u00bb number=\u00bb+14,300&#8243; percent_sign=\u00bboff\u00bb _builder_version=\u00bb4.27.4&#8243; _module_preset=\u00bbdefault\u00bb title_font=\u00bbMontserrat||||||||\u00bb title_text_color=\u00bb#FFFFFF\u00bb title_font_size=\u00bb20px\u00bb title_line_height=\u00bb1.3em\u00bb number_font=\u00bbMontserrat|700|||||||\u00bb number_text_color=\u00bb#FFFFFF\u00bb global_colors_info=\u00bb{}\u00bb][\/et_pb_number_counter][\/et_pb_column][\/et_pb_row][\/et_pb_section][et_pb_section fb_built=\u00bb1&#8243; _builder_version=\u00bb4.27.4&#8243; _module_preset=\u00bbdefault\u00bb custom_padding=\u00bb42px||20px|||\u00bb da_disable_devices=\u00bboff|off|off\u00bb global_colors_info=\u00bb{}\u00bb da_is_popup=\u00bboff\u00bb da_exit_intent=\u00bboff\u00bb da_has_close=\u00bbon\u00bb da_alt_close=\u00bboff\u00bb da_dark_close=\u00bboff\u00bb da_not_modal=\u00bbon\u00bb da_is_singular=\u00bboff\u00bb da_with_loader=\u00bboff\u00bb da_has_shadow=\u00bbon\u00bb][et_pb_row _builder_version=\u00bb4.27.4&#8243; _module_preset=\u00bbdefault\u00bb custom_padding=\u00bb6px||19px|||\u00bb global_colors_info=\u00bb{}\u00bb][et_pb_column type=\u00bb4_4&#8243; _builder_version=\u00bb4.27.4&#8243; _module_preset=\u00bbdefault\u00bb global_colors_info=\u00bb{}\u00bb][et_pb_text _builder_version=\u00bb4.27.4&#8243; _module_preset=\u00bb_initial\u00bb text_line_height=\u00bb1.5em\u00bb header_2_font=\u00bbOswald|||on|||||\u00bb header_2_font_size=\u00bb40px\u00bb header_2_letter_spacing=\u00bb-1px\u00bb header_2_line_height=\u00bb1.5em\u00bb custom_margin=\u00bb||10px||false|false\u00bb header_2_font_size_tablet=\u00bb32px\u00bb header_2_font_size_phone=\u00bb33px\u00bb header_2_font_size_last_edited=\u00bbon|desktop\u00bb global_colors_info=\u00bb{}\u00bb]<\/p>\n<h2 style=\"text-align: center;\">PRODUCTOS DE MAYOR INTER\u00c9S<\/h2>\n<p>[\/et_pb_text][\/et_pb_column][\/et_pb_row][et_pb_row column_structure=\u00bb1_4,1_4,1_4,1_4&#8243; _builder_version=\u00bb4.27.4&#8243; _module_preset=\u00bbdefault\u00bb custom_padding=\u00bb7px||10px|||\u00bb global_colors_info=\u00bb{}\u00bb][et_pb_column type=\u00bb1_4&#8243; _builder_version=\u00bb4.27.4&#8243; _module_preset=\u00bbdefault\u00bb global_colors_info=\u00bb{}\u00bb][et_pb_blurb title=\u00bbResinas, pigmentos y adhesivos\u00bb image=\u00bbhttps:\/\/expoplasticos.mx\/2026\/wp-content\/uploads\/2025\/08\/ExpoPlasticos-2026-Productos-07.webp\u00bb _builder_version=\u00bb4.27.4&#8243; _module_preset=\u00bbdefault\u00bb header_font=\u00bb|700|||||||\u00bb header_text_color=\u00bb#666666&#8243; header_line_height=\u00bb1.5em\u00bb text_orientation=\u00bbcenter\u00bb global_colors_info=\u00bb{}\u00bb][\/et_pb_blurb][\/et_pb_column][et_pb_column type=\u00bb1_4&#8243; _builder_version=\u00bb4.27.4&#8243; _module_preset=\u00bbdefault\u00bb global_colors_info=\u00bb{}\u00bb][et_pb_blurb title=\u00bbMaquinaria de inyecci\u00f3n maquinaria extrusi\u00f3n\u00bb image=\u00bbhttps:\/\/expoplasticos.mx\/2026\/wp-content\/uploads\/2025\/08\/ExpoPlasticos-2026-Productos-06.webp\u00bb _builder_version=\u00bb4.27.4&#8243; _module_preset=\u00bbdefault\u00bb header_font=\u00bb|700|||||||\u00bb header_text_color=\u00bb#666666&#8243; header_line_height=\u00bb1.5em\u00bb text_orientation=\u00bbcenter\u00bb global_colors_info=\u00bb{}\u00bb][\/et_pb_blurb][\/et_pb_column][et_pb_column type=\u00bb1_4&#8243; _builder_version=\u00bb4.27.4&#8243; _module_preset=\u00bbdefault\u00bb global_colors_info=\u00bb{}\u00bb][et_pb_blurb title=\u00bbMoldes \/ Herramentales Materias primas\u00bb image=\u00bbhttps:\/\/expoplasticos.mx\/2026\/wp-content\/uploads\/2025\/08\/ExpoPlasticos-2026-Productos-05.webp\u00bb _builder_version=\u00bb4.27.4&#8243; _module_preset=\u00bbdefault\u00bb header_font=\u00bb|700|||||||\u00bb header_text_color=\u00bb#666666&#8243; header_line_height=\u00bb1.5em\u00bb text_orientation=\u00bbcenter\u00bb global_colors_info=\u00bb{}\u00bb][\/et_pb_blurb][\/et_pb_column][et_pb_column type=\u00bb1_4&#8243; _builder_version=\u00bb4.27.4&#8243; _module_preset=\u00bbdefault\u00bb global_colors_info=\u00bb{}\u00bb][et_pb_blurb title=\u00bbSoplado  Software \/ Rob\u00f3tica \/ IA\u00bb image=\u00bbhttps:\/\/expoplasticos.mx\/2026\/wp-content\/uploads\/2025\/08\/ExpoPlasticos-2026-Productos-04.webp\u00bb _builder_version=\u00bb4.27.4&#8243; _module_preset=\u00bbdefault\u00bb header_font=\u00bb|700|||||||\u00bb header_text_color=\u00bb#666666&#8243; header_line_height=\u00bb1.5em\u00bb text_orientation=\u00bbcenter\u00bb global_colors_info=\u00bb{}\u00bb][\/et_pb_blurb][\/et_pb_column][\/et_pb_row][et_pb_row column_structure=\u00bb1_3,1_3,1_3&#8243; _builder_version=\u00bb4.27.4&#8243; _module_preset=\u00bbdefault\u00bb custom_padding=\u00bb17px||10px|||\u00bb global_colors_info=\u00bb{}\u00bb][et_pb_column type=\u00bb1_3&#8243; _builder_version=\u00bb4.27.4&#8243; _module_preset=\u00bbdefault\u00bb global_colors_info=\u00bb{}\u00bb][et_pb_blurb title=\u00bbControles y componentes\u00bb image=\u00bbhttps:\/\/expoplasticos.mx\/2026\/wp-content\/uploads\/2025\/08\/ExpoPlasticos-2026-Productos-03.webp\u00bb _builder_version=\u00bb4.27.4&#8243; _module_preset=\u00bbdefault\u00bb header_font=\u00bb|700|||||||\u00bb header_text_color=\u00bb#666666&#8243; header_line_height=\u00bb1.5em\u00bb text_orientation=\u00bbcenter\u00bb global_colors_info=\u00bb{}\u00bb][\/et_pb_blurb][\/et_pb_column][et_pb_column type=\u00bb1_3&#8243; _builder_version=\u00bb4.27.4&#8243; _module_preset=\u00bbdefault\u00bb global_colors_info=\u00bb{}\u00bb][et_pb_blurb title=\u00bbBiopl\u00e1stico \/ Servicios \/ Consultor\u00eda Protecci\u00f3n contra incendio Dispositivos de control de sonido \/ ruido \/ vibraciones\u00bb image=\u00bbhttps:\/\/expoplasticos.mx\/2026\/wp-content\/uploads\/2025\/08\/ExpoPlasticos-2026-Productos-02.webp\u00bb _builder_version=\u00bb4.27.4&#8243; _module_preset=\u00bbdefault\u00bb header_font=\u00bb|700|||||||\u00bb header_text_color=\u00bb#666666&#8243; header_line_height=\u00bb1.5em\u00bb text_orientation=\u00bbcenter\u00bb global_colors_info=\u00bb{}\u00bb][\/et_pb_blurb][\/et_pb_column][et_pb_column type=\u00bb1_3&#8243; _builder_version=\u00bb4.27.4&#8243; _module_preset=\u00bbdefault\u00bb global_colors_info=\u00bb{}\u00bb][et_pb_blurb title=\u00bbEquipo \u2013 herramientas de seguridad\u00bb image=\u00bbhttps:\/\/expoplasticos.mx\/2026\/wp-content\/uploads\/2025\/08\/ExpoPlasticos-2026-Productos-01.webp\u00bb _builder_version=\u00bb4.27.4&#8243; _module_preset=\u00bbdefault\u00bb header_font=\u00bb|700|||||||\u00bb header_text_color=\u00bb#666666&#8243; header_line_height=\u00bb1.5em\u00bb text_orientation=\u00bbcenter\u00bb global_colors_info=\u00bb{}\u00bb][\/et_pb_blurb][\/et_pb_column][\/et_pb_row][\/et_pb_section]<\/p>\n","protected":false},"excerpt":{"rendered":"<p>Encuentro de Negocios Expo Pl\u00e1sticos 2026Genera alianzas estrat\u00e9gicas y concreta ventas en el Encuentro de Negocios de Expo Pl\u00e1sticos dise\u00f1ado para conectar a expositores con compradores calificados del sector. A trav\u00e9s de citas personalizadas uno a uno, tu empresa se re\u00fane directamente con quienes toman decisiones de compra, maximizando tu retorno de inversi\u00f3n y multiplicando tus oportunidades comerciales.S\u00e9 parte del Encuentro de Negocios en Expo Pl\u00e1sticos 2026PRODUCTOS DE MAYOR INTER\u00c9S<\/p>\n","protected":false},"author":2,"featured_media":0,"parent":0,"menu_order":0,"comment_status":"closed","ping_status":"closed","template":"","meta":{"_et_pb_use_builder":"on","_et_pb_old_content":"","_et_gb_content_width":"","cybocfi_hide_featured_image":"","footnotes":""},"class_list":["post-987492880","page","type-page","status-publish","hentry"],"yoast_head":"<!-- This site is optimized with the Yoast SEO plugin v26.5 - https:\/\/yoast.com\/wordpress\/plugins\/seo\/ -->\n<title>ENCUENTRO DE NEGOCIOS - EXPOSITORES - Expo Pl\u00e1sticos 2027<\/title>\n<meta name=\"robots\" content=\"index, follow, max-snippet:-1, max-image-preview:large, max-video-preview:-1\" \/>\n<link rel=\"canonical\" href=\"https:\/\/expoplasticos.mx\/2026\/foro-de-negocios\/\" \/>\n<meta property=\"og:locale\" content=\"es_ES\" \/>\n<meta property=\"og:type\" content=\"article\" \/>\n<meta property=\"og:title\" content=\"ENCUENTRO DE NEGOCIOS - EXPOSITORES - Expo Pl\u00e1sticos 2027\" \/>\n<meta property=\"og:description\" content=\"Encuentro de Negocios Expo Pl\u00e1sticos 2026Genera alianzas estrat\u00e9gicas y concreta ventas en el Encuentro de Negocios de Expo Pl\u00e1sticos dise\u00f1ado para conectar a expositores con compradores calificados del sector. A trav\u00e9s de citas personalizadas uno a uno, tu empresa se re\u00fane directamente con quienes toman decisiones de compra, maximizando tu retorno de inversi\u00f3n y multiplicando tus oportunidades comerciales.S\u00e9 parte del Encuentro de Negocios en Expo Pl\u00e1sticos 2026PRODUCTOS DE MAYOR INTER\u00c9S\" \/>\n<meta property=\"og:url\" content=\"https:\/\/expoplasticos.mx\/2026\/foro-de-negocios\/\" \/>\n<meta property=\"og:site_name\" content=\"Expo Pl\u00e1sticos 2027\" \/>\n<meta property=\"article:publisher\" content=\"http:\/\/www.facebook.com\/ExpoPlasticos\" \/>\n<meta property=\"article:modified_time\" content=\"2026-01-23T20:38:51+00:00\" \/>\n<meta property=\"og:image\" content=\"https:\/\/expoplasticos.mx\/2026\/wp-content\/uploads\/2025\/10\/EP26_Yoast_1200x675px.webp\" \/>\n\t<meta property=\"og:image:width\" content=\"1200\" \/>\n\t<meta property=\"og:image:height\" content=\"675\" \/>\n\t<meta property=\"og:image:type\" content=\"image\/webp\" \/>\n<meta name=\"twitter:card\" content=\"summary_large_image\" \/>\n<meta name=\"twitter:site\" content=\"@expoplasticos\" \/>\n<meta name=\"twitter:label1\" content=\"Tiempo de lectura\" \/>\n\t<meta name=\"twitter:data1\" content=\"7 minutos\" \/>\n<script type=\"application\/ld+json\" class=\"yoast-schema-graph\">{\"@context\":\"https:\/\/schema.org\",\"@graph\":[{\"@type\":\"WebPage\",\"@id\":\"https:\/\/expoplasticos.mx\/2026\/foro-de-negocios\/\",\"url\":\"https:\/\/expoplasticos.mx\/2026\/foro-de-negocios\/\",\"name\":\"ENCUENTRO DE NEGOCIOS - EXPOSITORES - Expo Pl\u00e1sticos 2027\",\"isPartOf\":{\"@id\":\"https:\/\/expoplasticos.mx\/2026\/#website\"},\"datePublished\":\"2025-08-27T14:38:52+00:00\",\"dateModified\":\"2026-01-23T20:38:51+00:00\",\"breadcrumb\":{\"@id\":\"https:\/\/expoplasticos.mx\/2026\/foro-de-negocios\/#breadcrumb\"},\"inLanguage\":\"es\",\"potentialAction\":[{\"@type\":\"ReadAction\",\"target\":[\"https:\/\/expoplasticos.mx\/2026\/foro-de-negocios\/\"]}]},{\"@type\":\"BreadcrumbList\",\"@id\":\"https:\/\/expoplasticos.mx\/2026\/foro-de-negocios\/#breadcrumb\",\"itemListElement\":[{\"@type\":\"ListItem\",\"position\":1,\"name\":\"Inicio\",\"item\":\"https:\/\/expoplasticos.mx\/2026\/\"},{\"@type\":\"ListItem\",\"position\":2,\"name\":\"ENCUENTRO DE NEGOCIOS &#8211; EXPOSITORES\"}]},{\"@type\":\"WebSite\",\"@id\":\"https:\/\/expoplasticos.mx\/2026\/#website\",\"url\":\"https:\/\/expoplasticos.mx\/2026\/\",\"name\":\"Expo Pl\u00e1sticos 2026\",\"description\":\"El punto de encuentro para la transformaci\u00f3n de la industria del pl\u00e1stico\",\"publisher\":{\"@id\":\"https:\/\/expoplasticos.mx\/2026\/#organization\"},\"potentialAction\":[{\"@type\":\"SearchAction\",\"target\":{\"@type\":\"EntryPoint\",\"urlTemplate\":\"https:\/\/expoplasticos.mx\/2026\/?s={search_term_string}\"},\"query-input\":{\"@type\":\"PropertyValueSpecification\",\"valueRequired\":true,\"valueName\":\"search_term_string\"}}],\"inLanguage\":\"es\"},{\"@type\":\"Organization\",\"@id\":\"https:\/\/expoplasticos.mx\/2026\/#organization\",\"name\":\"Expo Pl\u00e1sticos 2026\",\"url\":\"https:\/\/expoplasticos.mx\/2026\/\",\"logo\":{\"@type\":\"ImageObject\",\"inLanguage\":\"es\",\"@id\":\"https:\/\/expoplasticos.mx\/2026\/#\/schema\/logo\/image\/\",\"url\":\"https:\/\/expoplasticos.mx\/2026\/wp-content\/uploads\/2025\/10\/EP26_LogYoast.webp\",\"contentUrl\":\"https:\/\/expoplasticos.mx\/2026\/wp-content\/uploads\/2025\/10\/EP26_LogYoast.webp\",\"width\":875,\"height\":286,\"caption\":\"Expo Pl\u00e1sticos 2026\"},\"image\":{\"@id\":\"https:\/\/expoplasticos.mx\/2026\/#\/schema\/logo\/image\/\"},\"sameAs\":[\"http:\/\/www.facebook.com\/ExpoPlasticos\",\"https:\/\/x.com\/expoplasticos\",\"http:\/\/www.instagram.com\/ExpoPlasticos\",\"https:\/\/www.linkedin.com\/company\/expoplasticos\/posts\/?feedView=all\",\"https:\/\/www.youtube.com\/@ExpoPlasticos\"]}]}<\/script>\n<!-- \/ Yoast SEO plugin. -->","yoast_head_json":{"title":"ENCUENTRO DE NEGOCIOS - EXPOSITORES - Expo Pl\u00e1sticos 2027","robots":{"index":"index","follow":"follow","max-snippet":"max-snippet:-1","max-image-preview":"max-image-preview:large","max-video-preview":"max-video-preview:-1"},"canonical":"https:\/\/expoplasticos.mx\/2026\/foro-de-negocios\/","og_locale":"es_ES","og_type":"article","og_title":"ENCUENTRO DE NEGOCIOS - EXPOSITORES - Expo Pl\u00e1sticos 2027","og_description":"Encuentro de Negocios Expo Pl\u00e1sticos 2026Genera alianzas estrat\u00e9gicas y concreta ventas en el Encuentro de Negocios de Expo Pl\u00e1sticos dise\u00f1ado para conectar a expositores con compradores calificados del sector. A trav\u00e9s de citas personalizadas uno a uno, tu empresa se re\u00fane directamente con quienes toman decisiones de compra, maximizando tu retorno de inversi\u00f3n y multiplicando tus oportunidades comerciales.S\u00e9 parte del Encuentro de Negocios en Expo Pl\u00e1sticos 2026PRODUCTOS DE MAYOR INTER\u00c9S","og_url":"https:\/\/expoplasticos.mx\/2026\/foro-de-negocios\/","og_site_name":"Expo Pl\u00e1sticos 2027","article_publisher":"http:\/\/www.facebook.com\/ExpoPlasticos","article_modified_time":"2026-01-23T20:38:51+00:00","og_image":[{"width":1200,"height":675,"url":"https:\/\/expoplasticos.mx\/2026\/wp-content\/uploads\/2025\/10\/EP26_Yoast_1200x675px.webp","type":"image\/webp"}],"twitter_card":"summary_large_image","twitter_site":"@expoplasticos","twitter_misc":{"Tiempo de lectura":"7 minutos"},"schema":{"@context":"https:\/\/schema.org","@graph":[{"@type":"WebPage","@id":"https:\/\/expoplasticos.mx\/2026\/foro-de-negocios\/","url":"https:\/\/expoplasticos.mx\/2026\/foro-de-negocios\/","name":"ENCUENTRO DE NEGOCIOS - EXPOSITORES - Expo Pl\u00e1sticos 2027","isPartOf":{"@id":"https:\/\/expoplasticos.mx\/2026\/#website"},"datePublished":"2025-08-27T14:38:52+00:00","dateModified":"2026-01-23T20:38:51+00:00","breadcrumb":{"@id":"https:\/\/expoplasticos.mx\/2026\/foro-de-negocios\/#breadcrumb"},"inLanguage":"es","potentialAction":[{"@type":"ReadAction","target":["https:\/\/expoplasticos.mx\/2026\/foro-de-negocios\/"]}]},{"@type":"BreadcrumbList","@id":"https:\/\/expoplasticos.mx\/2026\/foro-de-negocios\/#breadcrumb","itemListElement":[{"@type":"ListItem","position":1,"name":"Inicio","item":"https:\/\/expoplasticos.mx\/2026\/"},{"@type":"ListItem","position":2,"name":"ENCUENTRO DE NEGOCIOS &#8211; EXPOSITORES"}]},{"@type":"WebSite","@id":"https:\/\/expoplasticos.mx\/2026\/#website","url":"https:\/\/expoplasticos.mx\/2026\/","name":"Expo Pl\u00e1sticos 2026","description":"El punto de encuentro para la transformaci\u00f3n de la industria del pl\u00e1stico","publisher":{"@id":"https:\/\/expoplasticos.mx\/2026\/#organization"},"potentialAction":[{"@type":"SearchAction","target":{"@type":"EntryPoint","urlTemplate":"https:\/\/expoplasticos.mx\/2026\/?s={search_term_string}"},"query-input":{"@type":"PropertyValueSpecification","valueRequired":true,"valueName":"search_term_string"}}],"inLanguage":"es"},{"@type":"Organization","@id":"https:\/\/expoplasticos.mx\/2026\/#organization","name":"Expo Pl\u00e1sticos 2026","url":"https:\/\/expoplasticos.mx\/2026\/","logo":{"@type":"ImageObject","inLanguage":"es","@id":"https:\/\/expoplasticos.mx\/2026\/#\/schema\/logo\/image\/","url":"https:\/\/expoplasticos.mx\/2026\/wp-content\/uploads\/2025\/10\/EP26_LogYoast.webp","contentUrl":"https:\/\/expoplasticos.mx\/2026\/wp-content\/uploads\/2025\/10\/EP26_LogYoast.webp","width":875,"height":286,"caption":"Expo Pl\u00e1sticos 2026"},"image":{"@id":"https:\/\/expoplasticos.mx\/2026\/#\/schema\/logo\/image\/"},"sameAs":["http:\/\/www.facebook.com\/ExpoPlasticos","https:\/\/x.com\/expoplasticos","http:\/\/www.instagram.com\/ExpoPlasticos","https:\/\/www.linkedin.com\/company\/expoplasticos\/posts\/?feedView=all","https:\/\/www.youtube.com\/@ExpoPlasticos"]}]}},"_links":{"self":[{"href":"https:\/\/expoplasticos.mx\/2026\/wp-json\/wp\/v2\/pages\/987492880","targetHints":{"allow":["GET"]}}],"collection":[{"href":"https:\/\/expoplasticos.mx\/2026\/wp-json\/wp\/v2\/pages"}],"about":[{"href":"https:\/\/expoplasticos.mx\/2026\/wp-json\/wp\/v2\/types\/page"}],"author":[{"embeddable":true,"href":"https:\/\/expoplasticos.mx\/2026\/wp-json\/wp\/v2\/users\/2"}],"replies":[{"embeddable":true,"href":"https:\/\/expoplasticos.mx\/2026\/wp-json\/wp\/v2\/comments?post=987492880"}],"version-history":[{"count":35,"href":"https:\/\/expoplasticos.mx\/2026\/wp-json\/wp\/v2\/pages\/987492880\/revisions"}],"predecessor-version":[{"id":987496024,"href":"https:\/\/expoplasticos.mx\/2026\/wp-json\/wp\/v2\/pages\/987492880\/revisions\/987496024"}],"wp:attachment":[{"href":"https:\/\/expoplasticos.mx\/2026\/wp-json\/wp\/v2\/media?parent=987492880"}],"curies":[{"name":"wp","href":"https:\/\/api.w.org\/{rel}","templated":true}]}}